{"id":3560,"date":"2023-05-10T16:01:43","date_gmt":"2023-05-10T14:01:43","guid":{"rendered":"https:\/\/designwerke.info\/?page_id=3560"},"modified":"2023-05-10T16:01:44","modified_gmt":"2023-05-10T14:01:44","slug":"grosse-freude-ich-wurde-ausgewaehlt-mit-meinen-papierobjekten-bei-der-grossen-kunstausstellung-in-flensburg-im-robbe-berking-museum-mit-dabei-zu-sein","status":"publish","type":"page","link":"https:\/\/designwerke.info\/?page_id=3560","title":{"rendered":"Gro\u00dfe Freude: ich wurde ausgew\u00e4hlt mit meinen Papierobjekten bei der gro\u00dfen Kunstausstellung in Flensburg im Robbe Berking Museum mit dabei zu sein !"},"content":{"rendered":"\n<figure class=\"wp-block-embed is-type-wp-embed is-provider-robbe-amp-berking-yards wp-block-embed-robbe-amp-berking-yards\"><div class=\"wp-block-embed__wrapper\">\n<blockquote class=\"wp-embedded-content\" data-secret=\"WDGyh3X586\"><a href=\"https:\/\/classic-yachts.com\/kunstschaffen-2023\/\">KUNST SCHAFFEN 2023<\/a><\/blockquote><iframe loading=\"lazy\" class=\"wp-embedded-content\" sandbox=\"allow-scripts\" security=\"restricted\" style=\"position: absolute; clip: rect(1px, 1px, 1px, 1px);\" title=\"&#8222;KUNST SCHAFFEN 2023&#8220; &#8212; Robbe &amp; Berking - Yards\" src=\"https:\/\/classic-yachts.com\/kunstschaffen-2023\/embed\/#?secret=SPoFrmxf10#?secret=WDGyh3X586\" data-secret=\"WDGyh3X586\" width=\"584\" height=\"329\" frameborder=\"0\" marginwidth=\"0\" marginheight=\"0\" scrolling=\"no\"><\/iframe>\n<\/div><\/figure>\n\n\n\n<p><\/p>\n\n\n\n<p>6<\/p>\n","protected":false},"excerpt":{"rendered":"<p>6<\/p>\n","protected":false},"author":1,"featured_media":0,"parent":0,"menu_order":0,"comment_status":"closed","ping_status":"closed","template":"","meta":{"footnotes":""},"class_list":["post-3560","page","type-page","status-publish","hentry"],"_links":{"self":[{"href":"https:\/\/designwerke.info\/index.php?rest_route=\/wp\/v2\/pages\/3560","targetHints":{"allow":["GET"]}}],"collection":[{"href":"https:\/\/designwerke.info\/index.php?rest_route=\/wp\/v2\/pages"}],"about":[{"href":"https:\/\/designwerke.info\/index.php?rest_route=\/wp\/v2\/types\/page"}],"author":[{"embeddable":true,"href":"https:\/\/designwerke.info\/index.php?rest_route=\/wp\/v2\/users\/1"}],"replies":[{"embeddable":true,"href":"https:\/\/designwerke.info\/index.php?rest_route=%2Fwp%2Fv2%2Fcomments&post=3560"}],"version-history":[{"count":1,"href":"https:\/\/designwerke.info\/index.php?rest_route=\/wp\/v2\/pages\/3560\/revisions"}],"predecessor-version":[{"id":3562,"href":"https:\/\/designwerke.info\/index.php?rest_route=\/wp\/v2\/pages\/3560\/revisions\/3562"}],"wp:attachment":[{"href":"https:\/\/designwerke.info\/index.php?rest_route=%2Fwp%2Fv2%2Fmedia&parent=3560"}],"curies":[{"name":"wp","href":"https:\/\/api.w.org\/{rel}","templated":true}]}}