{"id":601,"date":"2014-08-02T07:54:17","date_gmt":"2014-08-02T05:54:17","guid":{"rendered":"http:\/\/designwerke.info\/?page_id=601"},"modified":"2022-05-23T15:41:23","modified_gmt":"2022-05-23T13:41:23","slug":"willkommen-2","status":"publish","type":"page","link":"https:\/\/designwerke.info\/?page_id=601","title":{"rendered":"Willkommen !!"},"content":{"rendered":"<hr \/>\n<h2 style=\"text-align: center;\">schauen und freuen<\/h2>\n<hr \/>\n<h2 style=\"text-align: center;\">Hier gibt es Sch\u00f6nes zum Durchbl\u00e4ttern:<\/h2>\n<p style=\"text-align: center;\"><strong>Klicken Sie in die Schwarze Fl\u00e4che und es geht los<\/strong><\/p>\n<h2 style=\"text-align: center;\">Fotos anklicken und in voller Gr\u00f6\u00dfe betrachten!<\/h2>\n<h2 style=\"text-align: center;\">Viel Spa\u00df !<\/h2>\n<h2 style=\"text-align: center;\">Ich freue mich wenn Sie diese Seite an andere Interessierte weiterleiten.<\/h2>\n<h2 style=\"text-align: center;\"><\/h2>\n<h1 style=\"text-align: center;\"><strong>Besuchen Sie auch meine webseite <a href=\"http:\/\/www.ursulavonkirchbach.de\">http:\/\/www.ursulavonkirchbach.de<\/a><\/strong><\/h1>\n<h1 style=\"text-align: center;\"><strong> Dort finden Sie Papierarbeiten: Objekte und Schmuck nur aus Papier<br \/>\n<\/strong><\/h1>\n<h2><\/h2>\n<h2 style=\"text-align: center;\">Bei Kaufinteresse schreiben Sie mir einfach: info@designwerke.info<\/h2>\n<h2 style=\"text-align: center;\">oder greifen Sie zum Telefon: 09414672415<\/h2>\n<h1 style=\"text-align: center;\">Auch auf der Seite <a href=\"http:\/\/www.kunsthandwerkermarkt.de\">http:\/\/www.kunsthandwerkermarkt.de<\/a> bin ich mit meinen Papierobjekten und Papierketten vertreten, neben vielen anderen Kunsthandwerkern mit wundersch\u00f6nen Produkten. Sehr interessant !!<\/h1>\n<p style=\"text-align: center;\">\n<h2 style=\"text-align: center;\">Meine Sammlung wundersch\u00f6ner Dinge finden Sie auch auf Pinterest unter meinem Namen:<\/h2>\n<h2 style=\"text-align: center;\"><a href=\"http:\/\/www.pinterest.com\/ursulavonkirchb\/\">http:\/\/www.pinterest.com\/ursulavonkirchb\/<\/a><\/h2>\n<h1 style=\"text-align: center;\"><\/h1>\n<p style=\"text-align: center;\">\n<hr \/>\n<hr \/>\n<hr \/>\n<hr \/>\n","protected":false},"excerpt":{"rendered":"<p>schauen und freuen Hier gibt es Sch\u00f6nes zum Durchbl\u00e4ttern: Klicken Sie in die Schwarze Fl\u00e4che und es geht los Fotos anklicken und in voller Gr\u00f6\u00dfe betrachten! Viel Spa\u00df ! Ich freue mich wenn Sie diese Seite an andere Interessierte weiterleiten. &hellip; <a href=\"https:\/\/designwerke.info\/?page_id=601\">Weiterlesen <span class=\"meta-nav\">&rarr;<\/span><\/a><\/p>\n","protected":false},"author":1,"featured_media":0,"parent":0,"menu_order":1,"comment_status":"open","ping_status":"closed","template":"","meta":{"footnotes":""},"class_list":["post-601","page","type-page","status-publish","hentry"],"_links":{"self":[{"href":"https:\/\/designwerke.info\/index.php?rest_route=\/wp\/v2\/pages\/601","targetHints":{"allow":["GET"]}}],"collection":[{"href":"https:\/\/designwerke.info\/index.php?rest_route=\/wp\/v2\/pages"}],"about":[{"href":"https:\/\/designwerke.info\/index.php?rest_route=\/wp\/v2\/types\/page"}],"author":[{"embeddable":true,"href":"https:\/\/designwerke.info\/index.php?rest_route=\/wp\/v2\/users\/1"}],"replies":[{"embeddable":true,"href":"https:\/\/designwerke.info\/index.php?rest_route=%2Fwp%2Fv2%2Fcomments&post=601"}],"version-history":[{"count":25,"href":"https:\/\/designwerke.info\/index.php?rest_route=\/wp\/v2\/pages\/601\/revisions"}],"predecessor-version":[{"id":3366,"href":"https:\/\/designwerke.info\/index.php?rest_route=\/wp\/v2\/pages\/601\/revisions\/3366"}],"wp:attachment":[{"href":"https:\/\/designwerke.info\/index.php?rest_route=%2Fwp%2Fv2%2Fmedia&parent=601"}],"curies":[{"name":"wp","href":"https:\/\/api.w.org\/{rel}","templated":true}]}}