{"id":815,"date":"2014-08-04T08:41:41","date_gmt":"2014-08-04T06:41:41","guid":{"rendered":"http:\/\/designwerke.info\/?page_id=815"},"modified":"2018-05-20T18:57:03","modified_gmt":"2018-05-20T16:57:03","slug":"impressum","status":"publish","type":"page","link":"https:\/\/designwerke.info\/?page_id=815","title":{"rendered":"Impressum"},"content":{"rendered":"<h5>Ursula von Kirchbach<\/h5>\n<p>G\u00e4rtnerstrasse 1a<\/p>\n<address>93059 Regensburg<\/address>\n<address>Telefon :0941 4672415<\/address>\n<address>mail : info@designwerke.info<\/address>\n<address>www.designwerke.info<\/address>\n<address><strong>disclaimer<\/strong><\/address>\n<address>1. Haftungsbeschr\u00e4nkung<\/address>\n<address>a) Inhalte<\/address>\n<address>F\u00fcr die Richtigkeit, Vollst\u00e4ndigkeit und Aktualit\u00e4t der bereitgestellten Inhalte \u00fcbernehme ich keine Gew\u00e4hr, die Inhalte meines Weblogs werden jedoch mit gr\u00f6\u00dftm\u00f6glicher Sorgfalt erstellt.\u2028Gem\u00e4\u00df \u00a7 7 Abs.1 TMG bin ich als Dienstanbieter f\u00fcr die Inhalte auf meinen Seiten nach den allgemeinen Gesetzen verantwortlich. Nach \u00a7\u00a7 8-10 TMG bin ich nicht verpflichtet, \u00fcbermittelte oder gespeicherte fremde Informationen zu \u00fcberwachen oder nach Umst\u00e4nden zu forschen, die auf eine rechtswidrige T\u00e4tigkeit hinweisen. Hiervon unber\u00fchrt bleiben Verpflichtungen zur Entfernung oder Sperrung der Nutzung von Informationen nach den allgemeinen Gesetzen. Eine diesbez\u00fcgliche Haftung ist erst ab dem Zeitpunkt der Kenntnis einer konkreten Rechtsverletzung m\u00f6glich. Wird mir eine solche bekannt, werden die entsprechenden Inhalte unverz\u00fcglich entfernt<\/address>\n<address>b) Verf\u00fcgbarkeit des Blogs<\/address>\n<address>Ich bin stets bem\u00fcht, das Weblog m\u00f6glichst unterbrechungsfrei zum Aufruf anzubieten, jedoch k\u00f6nnen Ausfallzeiten auch bei h\u00f6chster Sorgfalt nicht ausgeschlossen werden. Ich behalte mir das Recht vor, mein Angebot jederzeit zu \u00e4ndern oder einzustellen.<\/address>\n<address>c) Externe Links<\/address>\n<address>Dieses Weblog enth\u00e4lt Verkn\u00fcpfungen zu Websites Dritter. Diese Websites unterliegen der Haftung des jeweiligen Anbieters\/Betreibers. Ich habe auf die aktuelle oder zuk\u00fcnftige Gestaltung der fremden Seiten und deren Inhalte keinerlei Einfluss und \u00fcbernehme f\u00fcr diese keine Gew\u00e4hr. Bei der Verkn\u00fcpfung der entsprechenden Websites wurden diese auf m\u00f6gliche Rechtsverst\u00f6\u00dfe hin \u00fcberpr\u00fcft. Zum Zeitpunkt der Linksetzung waren rechtswidrige Inhalte nicht ersichtlich.\u2028Eine st\u00e4ndige Kontrolle der verlinkten Websites ist ohne konkrete Anhaltspunkte f\u00fcr Rechtsverletzungen nicht zumutbar. Bei Kenntnisnahme von Rechtsverst\u00f6\u00dfen werden die betroffenen Verkn\u00fcpfungen unverz\u00fcglich entfernt.d) Vertragsverh\u00e4ltnisMit der Nutzung der Datenbanken, Inhalte und der Suchfunktion des Blogs kommt keinerlei Vertragsverh\u00e4ltnis zwischen dem Nutzer und mir zustande. Insofern ergeben sich auch keinerlei vertragliche oder quasivertragliche Anspr\u00fcche gegen mich. Bei Verlosungen, die ich hin und wieder veranstalte, ist der Rechtsweg ausgeschlossen.2. UrheberrechtDie von mir auf diesen Seiten ver\u00f6ffentlichten Inhalte und Werke sind urheberrechtlich gesch\u00fctzt. Vervielf\u00e4ltigung, Bearbeitung, Verbreitung und jede Art der Verwertung, die dem deutschen Urheberecht zuwiderl\u00e4uft, bed\u00fcrfen meiner schriftlichen Zustimmung. Beitr\u00e4ge Dritter sind als solche gekennzeichnet. Ich bin bem\u00fcht, die Urheberrechte anderer stets zu beachten bzw. auf selbst erstellte sowie lizenzfreie Werke zur\u00fcckzugreifen. Sollte mir jedoch einmal ein Fehler unterlaufen, so bitte ich darum, mich darauf hinzuweisen, damit ich ihn unverz\u00fcglich beheben kann. Links zu www.designwerke.info d\u00fcrfen ohne meine Zustimmung gesetzt werden. Die Darstellung dieses Blogs in fremden Frames ist nur mit Erlaubnis zul\u00e4ssig.3. DatenschutzSoweit auf meinen Seiten personenbezogene Daten erhoben werden, erfolgt dies auf freiwilliger Basis. Zum Hinterlassen eines Kommentars muss man nicht registriert sein, lediglich die Angabe eines Namens\/Nicknames sowie einer eMail-Adresse ist erforderlich. Die eMail-Adresse wird dabei selbstverst\u00e4ndlich nicht ver\u00f6ffentlicht. Ebenso selbstverst\u00e4ndlich werden derart erhobene Daten nicht an Dritte weitergegeben. Ich muss allerdings ausdr\u00fccklich darauf hinweisen, dass die Daten\u00fcbertragung im Internet (z.B. bei der Kommunikation per eMail) Sicherheitsl\u00fccken aufweisen kann und ein umfassender Schutz der Daten vor dem Zugriff durch Dritte nicht m\u00f6glich ist. Die Verwendung meiner im Rahmen der Impressungspflicht ver\u00f6ffentlichten Kontaktdaten zur gewerblichen Werbung ist nicht erw\u00fcnscht. Von \u00dcbersendung von nicht ausdr\u00fccklich angeforderter Werbung und Informationsmaterialen (z.B. Spam-Mails) ist somit abzusehen.\u2028 Ebenso widerspreche ich hiermit jeglicher kommerziellen Verwendung und Weitergabe meiner Daten.<strong>Umsatzsteuer-ID<\/strong>: Umsatzsteuerbefreit gem\u00e4\u00df Kleinunternehmerregelung<\/p>\n<\/address>\n<p>&nbsp;<\/p>\n<p>&nbsp;<\/p>\n<div class=\"s3-t s3-t0\">\n<p><strong><big><span style=\"font-size: large;\">Datenschutzerkl\u00e4rung<\/span><\/big><\/strong><\/p>\n<p><strong>Allgemeiner Hinweis und Pflichtinformationen<\/strong><\/p>\n<p><strong>Benennung der verantwortlichen Stelle<\/strong><\/p>\n<p>Die verantwortliche Stelle f\u00fcr die Datenverarbeitung auf dieser Website ist:<\/p>\n<p><span id=\"s3-t-firma\">designwerke.info<\/span><br \/>\n<span id=\"s3-t-ansprechpartner\">Ursula von Kirchbach<\/span><br \/>\n<span id=\"s3-t-strasse\">G\u00e4rtnerstrasse 1a<\/span><br \/>\n<span id=\"s3-t-plz\">93059<\/span>\u00a0<span id=\"s3-t-ort\">Regensburg<\/span><\/p>\n<p>Die verantwortliche Stelle entscheidet allein oder gemeinsam mit anderen \u00fcber die Zwecke und Mittel der Verarbeitung von personenbezogenen Daten (z.B. Namen, Kontaktdaten o. \u00c4.).<\/p>\n<p><strong>Widerruf Ihrer Einwilligung zur Datenverarbeitung<\/strong><\/p>\n<p>Nur mit Ihrer ausdr\u00fccklichen Einwilligung sind einige Vorg\u00e4nge der Datenverarbeitung m\u00f6glich. Ein Widerruf Ihrer bereits erteilten Einwilligung ist jederzeit m\u00f6glich. F\u00fcr den Widerruf gen\u00fcgt eine formlose Mitteilung per E-Mail. Die Rechtm\u00e4\u00dfigkeit der bis zum Widerruf erfolgten Datenverarbeitung bleibt vom Widerruf unber\u00fchrt.<\/p>\n<p><strong>Recht auf Beschwerde bei der zust\u00e4ndigen Aufsichtsbeh\u00f6rde<\/strong><\/p>\n<p>Als Betroffener steht Ihnen im Falle eines datenschutzrechtlichen Versto\u00dfes ein Beschwerderecht bei der zust\u00e4ndigen Aufsichtsbeh\u00f6rde zu. Zust\u00e4ndige Aufsichtsbeh\u00f6rde bez\u00fcglich datenschutzrechtlicher Fragen ist der Landesdatenschutzbeauftragte des Bundeslandes, in dem sich der Sitz unseres Unternehmens befindet. Der folgende Link stellt eine Liste der Datenschutzbeauftragten sowie deren Kontaktdaten bereit:\u00a0<a href=\"https:\/\/www.bfdi.bund.de\/DE\/Infothek\/Anschriften_Links\/anschriften_links-node.html\" target=\"_blank\" rel=\"noopener\">https:\/\/www.bfdi.bund.de\/DE\/Infothek\/Anschriften_Links\/anschriften_links-node.html<\/a>.<\/p>\n<p><strong>Recht auf Daten\u00fcbertragbarkeit<\/strong><\/p>\n<p>Ihnen steht das Recht zu, Daten, die wir auf Grundlage Ihrer Einwilligung oder in Erf\u00fcllung eines Vertrags automatisiert verarbeiten, an sich oder an Dritte aush\u00e4ndigen zu lassen. Die Bereitstellung erfolgt in einem maschinenlesbaren Format. Sofern Sie die direkte \u00dcbertragung der Daten an einen anderen Verantwortlichen verlangen, erfolgt dies nur, soweit es technisch machbar ist.<\/p>\n<p><strong>SSL- bzw. TLS-Verschl\u00fcsselung<\/strong><\/p>\n<p>Aus Sicherheitsgr\u00fcnden und zum Schutz der \u00dcbertragung vertraulicher Inhalte, die Sie an uns als Seitenbetreiber senden, nutzt unsere Website eine SSL-bzw. TLS-Verschl\u00fcsselung. Damit sind Daten, die Sie \u00fcber diese Website \u00fcbermitteln, f\u00fcr Dritte nicht mitlesbar. Sie erkennen eine verschl\u00fcsselte Verbindung an der \u201ehttps:\/\/\u201c Adresszeile Ihres Browsers und am Schloss-Symbol in der Browserzeile.<\/p>\n<\/div>\n<div class=\"s3-t s3-t5\">\n<p><strong>Speicherdauer von Beitr\u00e4gen und Kommentaren<\/strong><\/p>\n<p>Beitr\u00e4ge und Kommentare sowie damit in Verbindung stehende Daten, wie beispielsweise IP-Adressen, werden gespeichert. Der Inhalt verbleibt auf unserer Website, bis er vollst\u00e4ndig gel\u00f6scht wurde oder aus rechtlichen Gr\u00fcnden gel\u00f6scht werden musste.<\/p>\n<p>Die Speicherung der Beitr\u00e4ge und Kommentare erfolgt auf Grundlage Ihrer Einwilligung (Art. 6 Abs. 1 lit. a DSGVO). Ein Widerruf Ihrer bereits erteilten Einwilligung ist jederzeit m\u00f6glich. F\u00fcr den Widerruf gen\u00fcgt eine formlose Mitteilung per E-Mail. Die Rechtm\u00e4\u00dfigkeit bereits erfolgter Datenverarbeitungsvorg\u00e4nge bleibt vom Widerruf unber\u00fchrt.<\/p>\n<\/div>\n<div class=\"s3-t s3-t7\">\n<p><strong>Newsletter-Daten<\/strong><\/p>\n<p>Zum Versenden unseres Newsletters ben\u00f6tigen wir von Ihnen eine E-Mail-Adresse. Eine Verifizierung der angegebenen E-Mail-Adresse ist notwendig und der Empfang des Newsletters ist einzuwilligen. Erg\u00e4nzende Daten werden nicht erhoben oder sind freiwillig. Die Verwendung der Daten erfolgt ausschlie\u00dflich f\u00fcr den Versand des Newsletters.<\/p>\n<p>Die bei der Newsletteranmeldung gemachten Daten werden ausschlie\u00dflich auf Grundlage Ihrer Einwilligung (Art. 6 Abs. 1 lit. a DSGVO) verarbeitet. Ein Widerruf Ihrer bereits erteilten Einwilligung ist jederzeit m\u00f6glich. F\u00fcr den Widerruf gen\u00fcgt eine formlose Mitteilung per E-Mail oder Sie melden sich \u00fcber den &#8222;Austragen&#8220;-Link im Newsletter ab. Die Rechtm\u00e4\u00dfigkeit der bereits erfolgten Datenverarbeitungsvorg\u00e4nge bleibt vom Widerruf unber\u00fchrt.<\/p>\n<p>Zur Einrichtung des Abonnements eingegebene Daten werden im Falle der Abmeldung gel\u00f6scht. Sollten diese Daten f\u00fcr andere Zwecke und an anderer Stelle an uns \u00fcbermittelt worden sein, verbleiben diese weiterhin bei uns.<\/p>\n<\/div>\n<div class=\"s3-t s3-t14\">\n<p><strong>PayPal<\/strong><\/p>\n<p>Unsere Website erm\u00f6glicht die Bezahlung via PayPal. Anbieter des Bezahldienstes ist die PayPal (Europe) S.\u00e0.r.l. et Cie, S.C.A., 22-24 Boulevard Royal, L-2449 Luxembourg.<\/p>\n<p>Wenn Sie mit PayPal bezahlen, erfolgt eine \u00dcbermittlung der von Ihnen eingegebenen Zahlungsdaten an PayPal.<\/p>\n<p>Die \u00dcbermittlung Ihrer Daten an PayPal erfolgt auf Grundlage von Art. 6 Abs. 1 lit. a DSGVO (Einwilligung) und Art. 6 Abs. 1 lit. b DSGVO (Verarbeitung zur Erf\u00fcllung eines Vertrags). Ein Widerruf Ihrer bereits erteilten Einwilligung ist jederzeit m\u00f6glich. In der Vergangenheit liegende Datenverarbeitungsvorg\u00e4nge bleiben bei einem Widerruf wirksam.<\/p>\n<\/div>\n<div class=\"s3-t s3-t0\">\n<p>&nbsp;<\/p>\n<p><small>Quelle: Datenschutz-Konfigurator von<span style=\"font-size: medium;\">\u00a0<\/span><a href=\"http:\/\/www.mein-datenschutzbeauftragter.de\/\" target=\"_blank\" rel=\"noopener\">mein-datenschutzbeauftragter.de<\/a><\/small><\/p>\n<\/div>\n<address>\u00a0<\/address>\n","protected":false},"excerpt":{"rendered":"<p>Ursula von Kirchbach G\u00e4rtnerstrasse 1a 93059 Regensburg Telefon :0941 4672415 mail : info@designwerke.info www.designwerke.info disclaimer 1. Haftungsbeschr\u00e4nkung a) Inhalte F\u00fcr die Richtigkeit, Vollst\u00e4ndigkeit und Aktualit\u00e4t der bereitgestellten Inhalte \u00fcbernehme ich keine Gew\u00e4hr, die Inhalte meines Weblogs werden jedoch mit gr\u00f6\u00dftm\u00f6glicher &hellip; <a href=\"https:\/\/designwerke.info\/?page_id=815\">Weiterlesen <span class=\"meta-nav\">&rarr;<\/span><\/a><\/p>\n","protected":false},"author":1,"featured_media":0,"parent":0,"menu_order":0,"comment_status":"open","ping_status":"closed","template":"","meta":{"footnotes":""},"class_list":["post-815","page","type-page","status-publish","hentry"],"_links":{"self":[{"href":"https:\/\/designwerke.info\/index.php?rest_route=\/wp\/v2\/pages\/815","targetHints":{"allow":["GET"]}}],"collection":[{"href":"https:\/\/designwerke.info\/index.php?rest_route=\/wp\/v2\/pages"}],"about":[{"href":"https:\/\/designwerke.info\/index.php?rest_route=\/wp\/v2\/types\/page"}],"author":[{"embeddable":true,"href":"https:\/\/designwerke.info\/index.php?rest_route=\/wp\/v2\/users\/1"}],"replies":[{"embeddable":true,"href":"https:\/\/designwerke.info\/index.php?rest_route=%2Fwp%2Fv2%2Fcomments&post=815"}],"version-history":[{"count":18,"href":"https:\/\/designwerke.info\/index.php?rest_route=\/wp\/v2\/pages\/815\/revisions"}],"predecessor-version":[{"id":3105,"href":"https:\/\/designwerke.info\/index.php?rest_route=\/wp\/v2\/pages\/815\/revisions\/3105"}],"wp:attachment":[{"href":"https:\/\/designwerke.info\/index.php?rest_route=%2Fwp%2Fv2%2Fmedia&parent=815"}],"curies":[{"name":"wp","href":"https:\/\/api.w.org\/{rel}","templated":true}]}}